{"id":215,"date":"2022-06-08T10:49:07","date_gmt":"2022-06-08T08:49:07","guid":{"rendered":"https:\/\/rallumerlefeu.com\/?page_id=215"},"modified":"2022-10-14T10:04:34","modified_gmt":"2022-10-14T08:04:34","slug":"lartiste","status":"publish","type":"page","link":"https:\/\/rallumerlefeu.com\/?page_id=215","title":{"rendered":"L&rsquo;artiste"},"content":{"rendered":"<p>[et_pb_section fb_built=\u00a0\u00bb1&Prime; admin_label=\u00a0\u00bbHeader\u00a0\u00bb _builder_version=\u00a0\u00bb4.18.0&Prime; _module_preset=\u00a0\u00bbdefault\u00a0\u00bb background_color=\u00a0\u00bb#1C1C1B\u00a0\u00bb background_image=\u00a0\u00bbhttps:\/\/rallumerlefeu.com\/wp-content\/uploads\/2022\/10\/artiste.jpg\u00a0\u00bb parallax=\u00a0\u00bboff\u00a0\u00bb min_height=\u00a0\u00bb70vh\u00a0\u00bb custom_padding=\u00a0\u00bb12%||12%||true|false\u00a0\u00bb hover_enabled=\u00a0\u00bb0&Prime; locked=\u00a0\u00bboff\u00a0\u00bb global_colors_info=\u00a0\u00bb{}\u00a0\u00bb title_text=\u00a0\u00bbartiste\u00a0\u00bb sticky_enabled=\u00a0\u00bb0&Prime;][et_pb_row _builder_version=\u00a0\u00bb4.17.4&Prime; _module_preset=\u00a0\u00bbdefault\u00a0\u00bb width=\u00a0\u00bb100%\u00a0\u00bb max_width=\u00a0\u00bbnone\u00a0\u00bb custom_padding=\u00a0\u00bb0px||0px||true|\u00a0\u00bb locked=\u00a0\u00bboff\u00a0\u00bb global_colors_info=\u00a0\u00bb{}\u00a0\u00bb][et_pb_column type=\u00a0\u00bb4_4&Prime; _builder_version=\u00a0\u00bb4.16&Prime; _module_preset=\u00a0\u00bbdefault\u00a0\u00bb global_colors_info=\u00a0\u00bb{}\u00a0\u00bb][et_pb_text admin_label=\u00a0\u00bbl&rsquo;artiste\u00a0\u00bb _builder_version=\u00a0\u00bb4.17.4&Prime; _module_preset=\u00a0\u00bbdefault\u00a0\u00bb text_font=\u00a0\u00bb|700||on|||||\u00a0\u00bb text_text_color=\u00a0\u00bbrgba(255,255,255,0.6)\u00a0\u00bb text_font_size=\u00a0\u00bb9vw\u00a0\u00bb text_letter_spacing=\u00a0\u00bb0.3em\u00a0\u00bb header_font=\u00a0\u00bb||||||||\u00a0\u00bb header_text_color=\u00a0\u00bb#5A7262&Prime; header_2_font=\u00a0\u00bb|800||on|||||\u00a0\u00bb header_2_text_align=\u00a0\u00bbcenter\u00a0\u00bb header_2_text_color=\u00a0\u00bb#ffffff\u00a0\u00bb header_2_font_size=\u00a0\u00bb9vw\u00a0\u00bb header_2_letter_spacing=\u00a0\u00bb0.3em\u00a0\u00bb background_color=\u00a0\u00bbRGBA(255,255,255,0)\u00a0\u00bb transform_scale_tablet=\u00a0\u00bb\u00a0\u00bb transform_scale_phone=\u00a0\u00bb\u00a0\u00bb transform_scale_last_edited=\u00a0\u00bbon|desktop\u00a0\u00bb transform_translate_tablet=\u00a0\u00bb\u00a0\u00bb transform_translate_phone=\u00a0\u00bb0em|0px\u00a0\u00bb transform_translate_last_edited=\u00a0\u00bbon|desktop\u00a0\u00bb transform_translate_linked=\u00a0\u00bboff\u00a0\u00bb transform_rotate_tablet=\u00a0\u00bb\u00a0\u00bb transform_rotate_phone=\u00a0\u00bb\u00a0\u00bb transform_rotate_last_edited=\u00a0\u00bbon|desktop\u00a0\u00bb transform_skew_tablet=\u00a0\u00bb\u00a0\u00bb transform_skew_phone=\u00a0\u00bb\u00a0\u00bb transform_skew_last_edited=\u00a0\u00bbon|desktop\u00a0\u00bb transform_origin_tablet=\u00a0\u00bb\u00a0\u00bb transform_origin_phone=\u00a0\u00bb\u00a0\u00bb transform_origin_last_edited=\u00a0\u00bbon|desktop\u00a0\u00bb transform_styles_last_edited=\u00a0\u00bbon|desktop\u00a0\u00bb text_orientation=\u00a0\u00bbcenter\u00a0\u00bb background_layout=\u00a0\u00bbdark\u00a0\u00bb module_alignment=\u00a0\u00bbcenter\u00a0\u00bb filter_brightness=\u00a0\u00bb103%\u00a0\u00bb header_2_font_size_tablet=\u00a0\u00bb\u00a0\u00bb header_2_font_size_phone=\u00a0\u00bb\u00a0\u00bb header_2_font_size_last_edited=\u00a0\u00bbon|phone\u00a0\u00bb transform_styles_tablet=\u00a0\u00bb\u00a0\u00bb transform_styles_phone=\u00a0\u00bb\u00a0\u00bb text_text_align=\u00a0\u00bbcenter\u00a0\u00bb global_colors_info=\u00a0\u00bb{}\u00a0\u00bb]<\/p>\n<p>L&rsquo;artiste<\/p>\n<p>[\/et_pb_text][et_pb_text admin_label=\u00a0\u00bbChristian\u00a0\u00bb _builder_version=\u00a0\u00bb4.17.4&Prime; _module_preset=\u00a0\u00bbdefault\u00a0\u00bb text_font=\u00a0\u00bbFjalla One|||on|||||\u00a0\u00bb text_letter_spacing=\u00a0\u00bb8px\u00a0\u00bb header_font=\u00a0\u00bbRoboto|800||on|||||\u00a0\u00bb header_font_size=\u00a0\u00bb6vw\u00a0\u00bb header_letter_spacing=\u00a0\u00bb0.2em\u00a0\u00bb header_line_height=\u00a0\u00bb1.1em\u00a0\u00bb text_orientation=\u00a0\u00bbcenter\u00a0\u00bb background_layout=\u00a0\u00bbdark\u00a0\u00bb custom_margin=\u00a0\u00bb-3vw|||||\u00a0\u00bb header_font_size_tablet=\u00a0\u00bb\u00a0\u00bb header_font_size_phone=\u00a0\u00bb36px\u00a0\u00bb header_font_size_last_edited=\u00a0\u00bbon|phone\u00a0\u00bb header_letter_spacing_tablet=\u00a0\u00bb\u00a0\u00bb header_letter_spacing_phone=\u00a0\u00bb0em\u00a0\u00bb header_letter_spacing_last_edited=\u00a0\u00bbon|desktop\u00a0\u00bb header_text_shadow_style=\u00a0\u00bbpreset3&Prime; header_text_shadow_vertical_length=\u00a0\u00bb-0.03em\u00a0\u00bb header_text_shadow_blur_strength=\u00a0\u00bb0.15em\u00a0\u00bb text_text_align=\u00a0\u00bbcenter\u00a0\u00bb global_colors_info=\u00a0\u00bb{}\u00a0\u00bb]<\/p>\n<h1>CHRISTIAN<\/h1>\n<h3>Rallumer le feu<\/h3>\n<p>&nbsp;<\/p>\n<p>[\/et_pb_text][\/et_pb_column][\/et_pb_row][et_pb_row custom_padding_last_edited=\u00a0\u00bbon|phone\u00a0\u00bb admin_label=\u00a0\u00bbinfos suplementaire\u00a0\u00bb _builder_version=\u00a0\u00bb4.17.4&Prime; _module_preset=\u00a0\u00bbdefault\u00a0\u00bb background_color=\u00a0\u00bbrgba(28,28,27,0.71)\u00a0\u00bb max_width=\u00a0\u00bb25%\u00a0\u00bb max_width_tablet=\u00a0\u00bb50%\u00a0\u00bb max_width_phone=\u00a0\u00bb95%\u00a0\u00bb max_width_last_edited=\u00a0\u00bbon|desktop\u00a0\u00bb module_alignment=\u00a0\u00bbright\u00a0\u00bb custom_margin=\u00a0\u00bb7vh||||false|false\u00a0\u00bb custom_margin_tablet=\u00a0\u00bb7vh||||false|false\u00a0\u00bb custom_margin_phone=\u00a0\u00bb4vh||||false|false\u00a0\u00bb custom_margin_last_edited=\u00a0\u00bbon|phone\u00a0\u00bb custom_padding=\u00a0\u00bb1%|3%|1%|3%|true|true\u00a0\u00bb custom_padding_tablet=\u00a0\u00bb|||||true\u00a0\u00bb custom_padding_phone=\u00a0\u00bb1%|3%|1%|3%|true|true\u00a0\u00bb module_alignment_tablet=\u00a0\u00bbright\u00a0\u00bb module_alignment_phone=\u00a0\u00bbcenter\u00a0\u00bb module_alignment_last_edited=\u00a0\u00bbon|phone\u00a0\u00bb global_colors_info=\u00a0\u00bb{}\u00a0\u00bb][et_pb_column type=\u00a0\u00bb4_4&Prime; _builder_version=\u00a0\u00bb4.16&Prime; _module_preset=\u00a0\u00bbdefault\u00a0\u00bb global_colors_info=\u00a0\u00bb{}\u00a0\u00bb][et_pb_text disabled_on=\u00a0\u00bboff|off|off\u00a0\u00bb admin_label=\u00a0\u00bbdescription tel\/tablette\u00a0\u00bb _builder_version=\u00a0\u00bb4.18.0&Prime; _module_preset=\u00a0\u00bbdefault\u00a0\u00bb text_font=\u00a0\u00bb|600|||||||\u00a0\u00bb text_font_size=\u00a0\u00bb16px\u00a0\u00bb text_line_height=\u00a0\u00bb1.8em\u00a0\u00bb background_enable_color=\u00a0\u00bboff\u00a0\u00bb text_orientation=\u00a0\u00bbjustified\u00a0\u00bb background_layout=\u00a0\u00bbdark\u00a0\u00bb width=\u00a0\u00bb100%\u00a0\u00bb width_tablet=\u00a0\u00bb100%\u00a0\u00bb width_phone=\u00a0\u00bb100%\u00a0\u00bb width_last_edited=\u00a0\u00bbon|phone\u00a0\u00bb custom_padding=\u00a0\u00bb0px|0px|0px|0px|true|true\u00a0\u00bb custom_padding_tablet=\u00a0\u00bb|3%||3%|true|true\u00a0\u00bb custom_padding_phone=\u00a0\u00bb5%|5%|5%|5%|true|true\u00a0\u00bb custom_padding_last_edited=\u00a0\u00bbon|phone\u00a0\u00bb animation_style=\u00a0\u00bbfade\u00a0\u00bb animation_direction=\u00a0\u00bbright\u00a0\u00bb animation_duration=\u00a0\u00bb1450ms\u00a0\u00bb background_last_edited=\u00a0\u00bboff|phone\u00a0\u00bb module_alignment_tablet=\u00a0\u00bb\u00a0\u00bb module_alignment_phone=\u00a0\u00bbcenter\u00a0\u00bb module_alignment_last_edited=\u00a0\u00bbon|phone\u00a0\u00bb locked=\u00a0\u00bboff\u00a0\u00bb global_colors_info=\u00a0\u00bb{}\u00a0\u00bb]<\/p>\n<h2>Donner du bonheur, un spectacle, une belle histoire !<\/h2>\n<p>Il y a l&rsquo;homme &#8230; Sur sc\u00e8ne c\u2019est une attitude &#8230; force est de constater qu\u2019en d\u00e9couvrant Christian sur sc\u00e8ne du haut de ses 1.85 m, on en vient rapidement \u00e0 penser : \u00ab\u00a0 on dirait Johnny \u00bb. Puis c\u2019est une voix, puissante et grave, montant dans les notes tr\u00e8s aigues de T\u00e9nor, un timbre envoutant. Peut-\u00eatre une ressemblance. Ce n\u2019est pas l\u2019essentiel, certains le diront volontiers, \u2026 alors si vous le pensez aussi tant mieux !<\/p>\n<p>[\/et_pb_text][\/et_pb_column][\/et_pb_row][\/et_pb_section][et_pb_section fb_built=\u00a0\u00bb1&Prime; custom_padding_last_edited=\u00a0\u00bbon|desktop\u00a0\u00bb admin_label=\u00a0\u00bbBiography\u00a0\u00bb _builder_version=\u00a0\u00bb4.18.0&Prime; _module_preset=\u00a0\u00bbdefault\u00a0\u00bb background_color=\u00a0\u00bb#FFFFFF\u00a0\u00bb background_enable_image=\u00a0\u00bboff\u00a0\u00bb parallax=\u00a0\u00bboff\u00a0\u00bb background_size=\u00a0\u00bbinitial\u00a0\u00bb custom_margin=\u00a0\u00bb||0px||false|false\u00a0\u00bb custom_padding=\u00a0\u00bb100px||0px||false|false\u00a0\u00bb custom_padding_tablet=\u00a0\u00bb50px||0px||false|false\u00a0\u00bb custom_padding_phone=\u00a0\u00bb50px||0px||false|false\u00a0\u00bb global_colors_info=\u00a0\u00bb{}\u00a0\u00bb][et_pb_row admin_label=\u00a0\u00bbtitre\u00a0\u00bb _builder_version=\u00a0\u00bb4.18.0&Prime; _module_preset=\u00a0\u00bbdefault\u00a0\u00bb custom_margin=\u00a0\u00bb2vh||100px||false|false\u00a0\u00bb custom_margin_tablet=\u00a0\u00bb2vh||2vh||false|false\u00a0\u00bb custom_margin_phone=\u00a0\u00bb2vh||2vh||false|false\u00a0\u00bb custom_margin_last_edited=\u00a0\u00bbon|tablet\u00a0\u00bb custom_padding=\u00a0\u00bb0px||0px||true\u00a0\u00bb global_colors_info=\u00a0\u00bb{}\u00a0\u00bb][et_pb_column type=\u00a0\u00bb4_4&Prime; _builder_version=\u00a0\u00bb4.16&Prime; _module_preset=\u00a0\u00bbdefault\u00a0\u00bb global_colors_info=\u00a0\u00bb{}\u00a0\u00bb][et_pb_text _builder_version=\u00a0\u00bb4.18.0&Prime; _module_preset=\u00a0\u00bbdefault\u00a0\u00bb text_font=\u00a0\u00bb||||||||\u00a0\u00bb text_font_size=\u00a0\u00bb16px\u00a0\u00bb text_line_height=\u00a0\u00bb1.8em\u00a0\u00bb header_font=\u00a0\u00bb||||||||\u00a0\u00bb header_2_font=\u00a0\u00bbFjalla One|||on|||||\u00a0\u00bb header_2_text_align=\u00a0\u00bbcenter\u00a0\u00bb header_2_font_size=\u00a0\u00bb80px\u00a0\u00bb header_2_line_height=\u00a0\u00bb1.2em\u00a0\u00bb header_3_font=\u00a0\u00bbFjalla One||||||||\u00a0\u00bb header_3_text_align=\u00a0\u00bbcenter\u00a0\u00bb header_3_font_size=\u00a0\u00bb80px\u00a0\u00bb width_tablet=\u00a0\u00bb600px\u00a0\u00bb width_phone=\u00a0\u00bb400px\u00a0\u00bb width_last_edited=\u00a0\u00bboff|phone\u00a0\u00bb module_alignment=\u00a0\u00bbcenter\u00a0\u00bb header_2_font_size_tablet=\u00a0\u00bb50px\u00a0\u00bb header_2_font_size_phone=\u00a0\u00bb40px\u00a0\u00bb header_2_font_size_last_edited=\u00a0\u00bbon|desktop\u00a0\u00bb header_3_font_size_tablet=\u00a0\u00bb50px\u00a0\u00bb header_3_font_size_phone=\u00a0\u00bb40px\u00a0\u00bb header_3_font_size_last_edited=\u00a0\u00bbon|phone\u00a0\u00bb text_text_align=\u00a0\u00bbleft\u00a0\u00bb locked=\u00a0\u00bboff\u00a0\u00bb global_colors_info=\u00a0\u00bb{}\u00a0\u00bb]<\/p>\n<h3>BIOGRAPHIE<\/h3>\n<p>[\/et_pb_text][\/et_pb_column][\/et_pb_row][et_pb_row column_structure=\u00a0\u00bb2_5,3_5&Prime; use_custom_gutter=\u00a0\u00bbon\u00a0\u00bb gutter_width=\u00a0\u00bb2&Prime; make_equal=\u00a0\u00bbon\u00a0\u00bb custom_padding_last_edited=\u00a0\u00bbon|phone\u00a0\u00bb admin_label=\u00a0\u00bbtexte\u00a0\u00bb _builder_version=\u00a0\u00bb4.18.0&Prime; _module_preset=\u00a0\u00bbdefault\u00a0\u00bb width=\u00a0\u00bb100%\u00a0\u00bb max_width=\u00a0\u00bb100%\u00a0\u00bb module_alignment=\u00a0\u00bbcenter\u00a0\u00bb custom_margin=\u00a0\u00bb|auto|-4px|auto|false|false\u00a0\u00bb custom_padding=\u00a0\u00bb0px||0px||true|false\u00a0\u00bb custom_padding_tablet=\u00a0\u00bb0px||0px||true|false\u00a0\u00bb custom_padding_phone=\u00a0\u00bb||||true|false\u00a0\u00bb hover_enabled=\u00a0\u00bb0&Prime; locked=\u00a0\u00bboff\u00a0\u00bb global_colors_info=\u00a0\u00bb{}\u00a0\u00bb sticky_enabled=\u00a0\u00bb0&Prime;][et_pb_column type=\u00a0\u00bb2_5&Prime; _builder_version=\u00a0\u00bb4.18.0&Prime; _module_preset=\u00a0\u00bbdefault\u00a0\u00bb custom_css_main_element=\u00a0\u00bbmargin:auto;\u00a0\u00bb global_colors_info=\u00a0\u00bb{}\u00a0\u00bb][et_pb_text _builder_version=\u00a0\u00bb4.18.0&Prime; _module_preset=\u00a0\u00bbdefault\u00a0\u00bb text_font=\u00a0\u00bb||||||||\u00a0\u00bb text_font_size=\u00a0\u00bb16px\u00a0\u00bb text_line_height=\u00a0\u00bb1.8em\u00a0\u00bb header_font=\u00a0\u00bb||||||||\u00a0\u00bb header_2_font=\u00a0\u00bbFjalla One|||on|||||\u00a0\u00bb header_2_font_size=\u00a0\u00bb80px\u00a0\u00bb header_2_line_height=\u00a0\u00bb1.2em\u00a0\u00bb header_3_font=\u00a0\u00bbFjalla One|||on|||||\u00a0\u00bb header_3_text_color=\u00a0\u00bb#F19059&Prime; header_3_letter_spacing=\u00a0\u00bb3px\u00a0\u00bb header_3_line_height=\u00a0\u00bb1.8em\u00a0\u00bb width_tablet=\u00a0\u00bb600px\u00a0\u00bb width_phone=\u00a0\u00bb400px\u00a0\u00bb width_last_edited=\u00a0\u00bboff|phone\u00a0\u00bb max_width=\u00a0\u00bb80%\u00a0\u00bb module_alignment=\u00a0\u00bbcenter\u00a0\u00bb custom_margin=\u00a0\u00bb3vh||||false|false\u00a0\u00bb custom_margin_tablet=\u00a0\u00bb3vh||5vh||false|false\u00a0\u00bb custom_margin_phone=\u00a0\u00bb3vh||5vh||false|false\u00a0\u00bb custom_margin_last_edited=\u00a0\u00bbon|tablet\u00a0\u00bb custom_padding=\u00a0\u00bb||||false|false\u00a0\u00bb header_2_font_size_tablet=\u00a0\u00bb50px\u00a0\u00bb header_2_font_size_phone=\u00a0\u00bb30px\u00a0\u00bb header_2_font_size_last_edited=\u00a0\u00bbon|phone\u00a0\u00bb text_text_align=\u00a0\u00bbleft\u00a0\u00bb locked=\u00a0\u00bboff\u00a0\u00bb global_colors_info=\u00a0\u00bb{}\u00a0\u00bb]<\/p>\n<h3>Christian Dessinsa Chanteur Leader et Producteur du groupe \u00ab\u00a0Rallumer le feu ! \u00bb<\/h3>\n<p>N\u00e9 en 1964 \u00e0 Avignon, cr\u00e9ait son groupe en 2010.<br \/>Du haut de ses 1.85 m sur sc\u00e8ne c\u2019est d\u2019abord une attitude naturelle \u00e0 occuper l\u2019espace et un charisme hors norme pour captiver l\u2019attention du public sans caricature, puis c\u2019est une voix de \u00ab T\u00e9nor \u00bb puissante et grave sans imitation. Certains y trouvent en plus physiquement une ressemblance \u00e9vidente, tant mieux mais ce n\u2019est pas l\u2019essentiel.<br \/>Avec de tels arguments force est de constater que l\u2019image de \u00ab Johnny \u00bb n\u2019est jamais tr\u00e8s loin !<br \/>Mais le plus surprenant est cette g\u00e9n\u00e9rosit\u00e9 naturelle et cette \u00e9nergie communicante \u00e0 sans cesse vouloir partager avec son public les \u00e9motions des fabuleuses chansons de \u00ab L\u2019Idole \u00bb !<br \/>Le public est unanime : il n\u2019imite pas et on dirait Johnny !<br \/>Johnny avait accept\u00e9 de d\u00e9livrer une autorisation officielle (la seule) \u00e0 Christian Dessinsa pour la r\u00e9alisation de ses concerts, avait-il ressenti avec son feeling naturel quelque chose de diff\u00e9rent chez cet artiste, certainement !<br \/>Des ann\u00e9es de travail pour toujours am\u00e9liorer voix, groove, \u00e9motions de mani\u00e8re \u00e0 transmettre toujours mieux le sens des chansons de l\u2019Idole.<br \/>Mais dans le fond le mieux encore est de venir d\u00e9couvrir \u00ab Rallumer le feu ! \u00bb en Live !<\/p>\n<p>[\/et_pb_text][\/et_pb_column][et_pb_column type=\u00a0\u00bb3_5&Prime; _builder_version=\u00a0\u00bb4.18.0&Prime; _module_preset=\u00a0\u00bbdefault\u00a0\u00bb background_image=\u00a0\u00bbhttps:\/\/rallumerlefeu.com\/wp-content\/uploads\/2022\/10\/biographie_christian.jpg\u00a0\u00bb parallax=\u00a0\u00bbon\u00a0\u00bb hover_enabled=\u00a0\u00bb0&Prime; global_colors_info=\u00a0\u00bb{}\u00a0\u00bb title_text=\u00a0\u00bbbiographie_christian\u00a0\u00bb sticky_enabled=\u00a0\u00bb0&Prime;][et_pb_divider show_divider=\u00a0\u00bboff\u00a0\u00bb _builder_version=\u00a0\u00bb4.18.0&Prime; _module_preset=\u00a0\u00bbdefault\u00a0\u00bb width=\u00a0\u00bb100%\u00a0\u00bb module_alignment=\u00a0\u00bbcenter\u00a0\u00bb height=\u00a0\u00bb70vh\u00a0\u00bb height_tablet=\u00a0\u00bb50vh\u00a0\u00bb height_phone=\u00a0\u00bb50vh\u00a0\u00bb height_last_edited=\u00a0\u00bbon|tablet\u00a0\u00bb custom_margin=\u00a0\u00bb||||false|false\u00a0\u00bb custom_margin_tablet=\u00a0\u00bb||||false|false\u00a0\u00bb custom_margin_phone=\u00a0\u00bb||||false|false\u00a0\u00bb custom_margin_last_edited=\u00a0\u00bbon|phone\u00a0\u00bb custom_padding_tablet=\u00a0\u00bb\u00a0\u00bb custom_padding_phone=\u00a0\u00bb||0px||false|false\u00a0\u00bb custom_padding_last_edited=\u00a0\u00bbon|desktop\u00a0\u00bb hover_enabled=\u00a0\u00bb0&Prime; global_colors_info=\u00a0\u00bb{}\u00a0\u00bb sticky_enabled=\u00a0\u00bb0&Prime;][\/et_pb_divider][\/et_pb_column][\/et_pb_row][\/et_pb_section]<\/p>\n","protected":false},"excerpt":{"rendered":"<p>L&rsquo;artisteCHRISTIAN Rallumer le feu &nbsp;Donner du bonheur, un spectacle, une belle histoire ! Il y a l&rsquo;homme &#8230; Sur sc\u00e8ne c\u2019est une attitude &#8230; force est de constater qu\u2019en d\u00e9couvrant Christian sur sc\u00e8ne du haut de ses 1.85 m, on en vient rapidement \u00e0 penser : \u00ab\u00a0 on dirait Johnny \u00bb. Puis c\u2019est une voix, [&hellip;]<\/p>\n","protected":false},"author":3,"featured_media":0,"parent":0,"menu_order":0,"comment_status":"closed","ping_status":"closed","template":"","meta":{"_et_pb_use_builder":"on","_et_pb_old_content":"","_et_gb_content_width":"","footnotes":""},"class_list":["post-215","page","type-page","status-publish","hentry"],"yoast_head":"<!-- This site is optimized with the Yoast SEO plugin v19.12 - https:\/\/yoast.com\/wordpress\/plugins\/seo\/ -->\n<title>L&#039;artiste - Rallumer le feu<\/title>\n<meta name=\"robots\" content=\"index, follow, max-snippet:-1, max-image-preview:large, max-video-preview:-1\" \/>\n<link rel=\"canonical\" href=\"https:\/\/rallumerlefeu.com\/?page_id=215\" \/>\n<meta property=\"og:locale\" content=\"fr_FR\" \/>\n<meta property=\"og:type\" content=\"article\" \/>\n<meta property=\"og:title\" content=\"L&#039;artiste - Rallumer le feu\" \/>\n<meta property=\"og:description\" content=\"L&#039;artisteCHRISTIAN Rallumer le feu &nbsp;Donner du bonheur, un spectacle, une belle histoire ! Il y a l&#039;homme ... Sur sc\u00e8ne c\u2019est une attitude ... force est de constater qu\u2019en d\u00e9couvrant Christian sur sc\u00e8ne du haut de ses 1.85 m, on en vient rapidement \u00e0 penser : \u00ab\u00a0 on dirait Johnny \u00bb. Puis c\u2019est une voix, [&hellip;]\" \/>\n<meta property=\"og:url\" content=\"https:\/\/rallumerlefeu.com\/?page_id=215\" \/>\n<meta property=\"og:site_name\" content=\"Rallumer le feu\" \/>\n<meta property=\"article:publisher\" content=\"https:\/\/www.facebook.com\/christian.chris.526438\" \/>\n<meta property=\"article:modified_time\" content=\"2022-10-14T08:04:34+00:00\" \/>\n<meta name=\"twitter:card\" content=\"summary_large_image\" \/>\n<script type=\"application\/ld+json\" class=\"yoast-schema-graph\">{\"@context\":\"https:\/\/schema.org\",\"@graph\":[{\"@type\":\"WebPage\",\"@id\":\"https:\/\/rallumerlefeu.com\/?page_id=215\",\"url\":\"https:\/\/rallumerlefeu.com\/?page_id=215\",\"name\":\"L'artiste - Rallumer le feu\",\"isPartOf\":{\"@id\":\"https:\/\/rallumerlefeu.com\/#website\"},\"datePublished\":\"2022-06-08T08:49:07+00:00\",\"dateModified\":\"2022-10-14T08:04:34+00:00\",\"breadcrumb\":{\"@id\":\"https:\/\/rallumerlefeu.com\/?page_id=215#breadcrumb\"},\"inLanguage\":\"fr-FR\",\"potentialAction\":[{\"@type\":\"ReadAction\",\"target\":[\"https:\/\/rallumerlefeu.com\/?page_id=215\"]}]},{\"@type\":\"BreadcrumbList\",\"@id\":\"https:\/\/rallumerlefeu.com\/?page_id=215#breadcrumb\",\"itemListElement\":[{\"@type\":\"ListItem\",\"position\":1,\"name\":\"Accueil\",\"item\":\"https:\/\/rallumerlefeu.com\/\"},{\"@type\":\"ListItem\",\"position\":2,\"name\":\"L&rsquo;artiste\"}]},{\"@type\":\"WebSite\",\"@id\":\"https:\/\/rallumerlefeu.com\/#website\",\"url\":\"https:\/\/rallumerlefeu.com\/\",\"name\":\"Rallumer le feu\",\"description\":\"Un hommage hors norme \u00e0 un artiste hors norme !!!\",\"publisher\":{\"@id\":\"https:\/\/rallumerlefeu.com\/#organization\"},\"potentialAction\":[{\"@type\":\"SearchAction\",\"target\":{\"@type\":\"EntryPoint\",\"urlTemplate\":\"https:\/\/rallumerlefeu.com\/?s={search_term_string}\"},\"query-input\":\"required name=search_term_string\"}],\"inLanguage\":\"fr-FR\"},{\"@type\":\"Organization\",\"@id\":\"https:\/\/rallumerlefeu.com\/#organization\",\"name\":\"Rallumer le feu\",\"url\":\"https:\/\/rallumerlefeu.com\/\",\"logo\":{\"@type\":\"ImageObject\",\"inLanguage\":\"fr-FR\",\"@id\":\"https:\/\/rallumerlefeu.com\/#\/schema\/logo\/image\/\",\"url\":\"https:\/\/rallumerlefeu.com\/wp-content\/uploads\/2022\/06\/logo-transparent.png\",\"contentUrl\":\"https:\/\/rallumerlefeu.com\/wp-content\/uploads\/2022\/06\/logo-transparent.png\",\"width\":500,\"height\":198,\"caption\":\"Rallumer le feu\"},\"image\":{\"@id\":\"https:\/\/rallumerlefeu.com\/#\/schema\/logo\/image\/\"},\"sameAs\":[\"https:\/\/www.facebook.com\/christian.chris.526438\"]}]}<\/script>\n<!-- \/ Yoast SEO plugin. -->","yoast_head_json":{"title":"L'artiste - Rallumer le feu","robots":{"index":"index","follow":"follow","max-snippet":"max-snippet:-1","max-image-preview":"max-image-preview:large","max-video-preview":"max-video-preview:-1"},"canonical":"https:\/\/rallumerlefeu.com\/?page_id=215","og_locale":"fr_FR","og_type":"article","og_title":"L'artiste - Rallumer le feu","og_description":"L'artisteCHRISTIAN Rallumer le feu &nbsp;Donner du bonheur, un spectacle, une belle histoire ! Il y a l'homme ... Sur sc\u00e8ne c\u2019est une attitude ... force est de constater qu\u2019en d\u00e9couvrant Christian sur sc\u00e8ne du haut de ses 1.85 m, on en vient rapidement \u00e0 penser : \u00ab\u00a0 on dirait Johnny \u00bb. Puis c\u2019est une voix, [&hellip;]","og_url":"https:\/\/rallumerlefeu.com\/?page_id=215","og_site_name":"Rallumer le feu","article_publisher":"https:\/\/www.facebook.com\/christian.chris.526438","article_modified_time":"2022-10-14T08:04:34+00:00","twitter_card":"summary_large_image","schema":{"@context":"https:\/\/schema.org","@graph":[{"@type":"WebPage","@id":"https:\/\/rallumerlefeu.com\/?page_id=215","url":"https:\/\/rallumerlefeu.com\/?page_id=215","name":"L'artiste - Rallumer le feu","isPartOf":{"@id":"https:\/\/rallumerlefeu.com\/#website"},"datePublished":"2022-06-08T08:49:07+00:00","dateModified":"2022-10-14T08:04:34+00:00","breadcrumb":{"@id":"https:\/\/rallumerlefeu.com\/?page_id=215#breadcrumb"},"inLanguage":"fr-FR","potentialAction":[{"@type":"ReadAction","target":["https:\/\/rallumerlefeu.com\/?page_id=215"]}]},{"@type":"BreadcrumbList","@id":"https:\/\/rallumerlefeu.com\/?page_id=215#breadcrumb","itemListElement":[{"@type":"ListItem","position":1,"name":"Accueil","item":"https:\/\/rallumerlefeu.com\/"},{"@type":"ListItem","position":2,"name":"L&rsquo;artiste"}]},{"@type":"WebSite","@id":"https:\/\/rallumerlefeu.com\/#website","url":"https:\/\/rallumerlefeu.com\/","name":"Rallumer le feu","description":"Un hommage hors norme \u00e0 un artiste hors norme !!!","publisher":{"@id":"https:\/\/rallumerlefeu.com\/#organization"},"potentialAction":[{"@type":"SearchAction","target":{"@type":"EntryPoint","urlTemplate":"https:\/\/rallumerlefeu.com\/?s={search_term_string}"},"query-input":"required name=search_term_string"}],"inLanguage":"fr-FR"},{"@type":"Organization","@id":"https:\/\/rallumerlefeu.com\/#organization","name":"Rallumer le feu","url":"https:\/\/rallumerlefeu.com\/","logo":{"@type":"ImageObject","inLanguage":"fr-FR","@id":"https:\/\/rallumerlefeu.com\/#\/schema\/logo\/image\/","url":"https:\/\/rallumerlefeu.com\/wp-content\/uploads\/2022\/06\/logo-transparent.png","contentUrl":"https:\/\/rallumerlefeu.com\/wp-content\/uploads\/2022\/06\/logo-transparent.png","width":500,"height":198,"caption":"Rallumer le feu"},"image":{"@id":"https:\/\/rallumerlefeu.com\/#\/schema\/logo\/image\/"},"sameAs":["https:\/\/www.facebook.com\/christian.chris.526438"]}]}},"_links":{"self":[{"href":"https:\/\/rallumerlefeu.com\/index.php?rest_route=\/wp\/v2\/pages\/215","targetHints":{"allow":["GET"]}}],"collection":[{"href":"https:\/\/rallumerlefeu.com\/index.php?rest_route=\/wp\/v2\/pages"}],"about":[{"href":"https:\/\/rallumerlefeu.com\/index.php?rest_route=\/wp\/v2\/types\/page"}],"author":[{"embeddable":true,"href":"https:\/\/rallumerlefeu.com\/index.php?rest_route=\/wp\/v2\/users\/3"}],"replies":[{"embeddable":true,"href":"https:\/\/rallumerlefeu.com\/index.php?rest_route=%2Fwp%2Fv2%2Fcomments&post=215"}],"version-history":[{"count":18,"href":"https:\/\/rallumerlefeu.com\/index.php?rest_route=\/wp\/v2\/pages\/215\/revisions"}],"predecessor-version":[{"id":1294,"href":"https:\/\/rallumerlefeu.com\/index.php?rest_route=\/wp\/v2\/pages\/215\/revisions\/1294"}],"wp:attachment":[{"href":"https:\/\/rallumerlefeu.com\/index.php?rest_route=%2Fwp%2Fv2%2Fmedia&parent=215"}],"curies":[{"name":"wp","href":"https:\/\/api.w.org\/{rel}","templated":true}]}}