{"id":61,"date":"2022-06-01T16:17:35","date_gmt":"2022-06-01T14:17:35","guid":{"rendered":"https:\/\/rallumerlefeu.com\/?page_id=61"},"modified":"2022-10-13T17:47:24","modified_gmt":"2022-10-13T15:47:24","slug":"contact","status":"publish","type":"page","link":"https:\/\/rallumerlefeu.com\/?page_id=61","title":{"rendered":"Contact"},"content":{"rendered":"\n[et_pb_section fb_built=\u00a0\u00bb1&Prime; custom_padding_last_edited=\u00a0\u00bbon|desktop\u00a0\u00bb admin_label=\u00a0\u00bbHeader\u00a0\u00bb _builder_version=\u00a0\u00bb4.17.4&Prime; _module_preset=\u00a0\u00bbdefault\u00a0\u00bb background_enable_color=\u00a0\u00bboff\u00a0\u00bb use_background_color_gradient=\u00a0\u00bbon\u00a0\u00bb background_color_gradient_stops=\u00a0\u00bb#f19059 0%|#f21c00 99%\u00a0\u00bb background_image=\u00a0\u00bbhttps:\/\/rallumerlefeu.com\/wp-content\/uploads\/2022\/09\/contacter_un_spectacle__pour_johnny.jpg\u00a0\u00bb parallax=\u00a0\u00bboff\u00a0\u00bb background_blend=\u00a0\u00bbluminosity\u00a0\u00bb min_height=\u00a0\u00bb70vh\u00a0\u00bb custom_padding=\u00a0\u00bb12%||12%||true|false\u00a0\u00bb custom_padding_tablet=\u00a0\u00bb22%||22%||true|false\u00a0\u00bb custom_padding_phone=\u00a0\u00bb42%||42%||true|false\u00a0\u00bb locked=\u00a0\u00bboff\u00a0\u00bb global_colors_info=\u00a0\u00bb{}\u00a0\u00bb][et_pb_row _builder_version=\u00a0\u00bb4.17.4&Prime; _module_preset=\u00a0\u00bbdefault\u00a0\u00bb width=\u00a0\u00bb100%\u00a0\u00bb max_width=\u00a0\u00bbnone\u00a0\u00bb custom_padding=\u00a0\u00bb0px||0px||true|\u00a0\u00bb locked=\u00a0\u00bboff\u00a0\u00bb global_colors_info=\u00a0\u00bb{}\u00a0\u00bb][et_pb_column type=\u00a0\u00bb4_4&Prime; _builder_version=\u00a0\u00bb4.16&Prime; _module_preset=\u00a0\u00bbdefault\u00a0\u00bb global_colors_info=\u00a0\u00bb{}\u00a0\u00bb][et_pb_text admin_label=\u00a0\u00bbLes\u00a0\u00bb _builder_version=\u00a0\u00bb4.17.4&Prime; _module_preset=\u00a0\u00bbdefault\u00a0\u00bb text_font=\u00a0\u00bb|700||on|||||\u00a0\u00bb text_text_color=\u00a0\u00bbrgba(255,255,255,0.6)\u00a0\u00bb text_font_size=\u00a0\u00bb9vw\u00a0\u00bb text_letter_spacing=\u00a0\u00bb0.3em\u00a0\u00bb header_font=\u00a0\u00bb||||||||\u00a0\u00bb header_text_color=\u00a0\u00bb#5A7262&Prime; header_2_font=\u00a0\u00bb|800||on|||||\u00a0\u00bb header_2_text_align=\u00a0\u00bbcenter\u00a0\u00bb header_2_text_color=\u00a0\u00bb#ffffff\u00a0\u00bb header_2_font_size=\u00a0\u00bb9vw\u00a0\u00bb header_2_letter_spacing=\u00a0\u00bb0.3em\u00a0\u00bb background_color=\u00a0\u00bbRGBA(255,255,255,0)\u00a0\u00bb transform_scale_tablet=\u00a0\u00bb\u00a0\u00bb transform_scale_phone=\u00a0\u00bb\u00a0\u00bb transform_scale_last_edited=\u00a0\u00bbon|desktop\u00a0\u00bb transform_translate_tablet=\u00a0\u00bb\u00a0\u00bb transform_translate_phone=\u00a0\u00bb0em|0px\u00a0\u00bb transform_translate_last_edited=\u00a0\u00bbon|desktop\u00a0\u00bb transform_translate_linked=\u00a0\u00bboff\u00a0\u00bb transform_rotate_tablet=\u00a0\u00bb\u00a0\u00bb transform_rotate_phone=\u00a0\u00bb\u00a0\u00bb transform_rotate_last_edited=\u00a0\u00bbon|desktop\u00a0\u00bb transform_skew_tablet=\u00a0\u00bb\u00a0\u00bb transform_skew_phone=\u00a0\u00bb\u00a0\u00bb transform_skew_last_edited=\u00a0\u00bbon|desktop\u00a0\u00bb transform_origin_tablet=\u00a0\u00bb\u00a0\u00bb transform_origin_phone=\u00a0\u00bb\u00a0\u00bb transform_origin_last_edited=\u00a0\u00bbon|desktop\u00a0\u00bb transform_styles_last_edited=\u00a0\u00bbon|desktop\u00a0\u00bb text_orientation=\u00a0\u00bbcenter\u00a0\u00bb background_layout=\u00a0\u00bbdark\u00a0\u00bb module_alignment=\u00a0\u00bbcenter\u00a0\u00bb filter_brightness=\u00a0\u00bb103%\u00a0\u00bb header_2_font_size_tablet=\u00a0\u00bb\u00a0\u00bb header_2_font_size_phone=\u00a0\u00bb\u00a0\u00bb header_2_font_size_last_edited=\u00a0\u00bbon|phone\u00a0\u00bb transform_styles_tablet=\u00a0\u00bb\u00a0\u00bb transform_styles_phone=\u00a0\u00bb\u00a0\u00bb text_text_align=\u00a0\u00bbcenter\u00a0\u00bb global_colors_info=\u00a0\u00bb{}\u00a0\u00bb][\/et_pb_text][et_pb_text admin_label=\u00a0\u00bbmusiciens\u00a0\u00bb _builder_version=\u00a0\u00bb4.17.4&Prime; _module_preset=\u00a0\u00bbdefault\u00a0\u00bb text_font=\u00a0\u00bbFjalla One|||on|||||\u00a0\u00bb text_letter_spacing=\u00a0\u00bb8px\u00a0\u00bb header_font=\u00a0\u00bbRoboto|800||on|||||\u00a0\u00bb header_font_size=\u00a0\u00bb6vw\u00a0\u00bb header_letter_spacing=\u00a0\u00bb0.2em\u00a0\u00bb header_line_height=\u00a0\u00bb1.1em\u00a0\u00bb header_3_font=\u00a0\u00bb||||||||\u00a0\u00bb text_orientation=\u00a0\u00bbcenter\u00a0\u00bb background_layout=\u00a0\u00bbdark\u00a0\u00bb custom_margin=\u00a0\u00bb-3vw|||||\u00a0\u00bb custom_margin_tablet=\u00a0\u00bb-3vw|||||\u00a0\u00bb custom_margin_phone=\u00a0\u00bb-3vw||||false|false\u00a0\u00bb custom_margin_last_edited=\u00a0\u00bbon|phone\u00a0\u00bb custom_padding=\u00a0\u00bb0px||0px||true|false\u00a0\u00bb header_font_size_tablet=\u00a0\u00bb\u00a0\u00bb header_font_size_phone=\u00a0\u00bb36px\u00a0\u00bb header_font_size_last_edited=\u00a0\u00bbon|phone\u00a0\u00bb header_letter_spacing_tablet=\u00a0\u00bb\u00a0\u00bb header_letter_spacing_phone=\u00a0\u00bb0em\u00a0\u00bb header_letter_spacing_last_edited=\u00a0\u00bbon|desktop\u00a0\u00bb header_text_shadow_style=\u00a0\u00bbpreset3&Prime; header_text_shadow_vertical_length=\u00a0\u00bb-0.03em\u00a0\u00bb header_text_shadow_blur_strength=\u00a0\u00bb0.15em\u00a0\u00bb text_text_align=\u00a0\u00bbcenter\u00a0\u00bb global_colors_info=\u00a0\u00bb{}\u00a0\u00bb]<h1>contact<\/h1>\n<h3>Rallumer le feu<\/h3>\n<p>&nbsp;<\/p>[\/et_pb_text][\/et_pb_column][\/et_pb_row][\/et_pb_section][et_pb_section fb_built=\u00a0\u00bb1&Prime; custom_padding_last_edited=\u00a0\u00bboff|phone\u00a0\u00bb admin_label=\u00a0\u00bbformulaire de contact\u00a0\u00bb _builder_version=\u00a0\u00bb4.17.4&Prime; _module_preset=\u00a0\u00bbdefault\u00a0\u00bb background_color=\u00a0\u00bb#1C1C1B\u00a0\u00bb background_image=\u00a0\u00bbhttps:\/\/rallumerlefeu.com\/wp-content\/uploads\/2022\/07\/tete-mort-coupe.png\u00a0\u00bb parallax=\u00a0\u00bboff\u00a0\u00bb background_size=\u00a0\u00bbinitial\u00a0\u00bb background_position=\u00a0\u00bbtop_right\u00a0\u00bb background_blend=\u00a0\u00bbsoft-light\u00a0\u00bb module_alignment=\u00a0\u00bbcenter\u00a0\u00bb custom_padding=\u00a0\u00bb0vw||0vw||false|false\u00a0\u00bb custom_padding_tablet=\u00a0\u00bb||\u00a0\u00bb locked=\u00a0\u00bboff\u00a0\u00bb global_colors_info=\u00a0\u00bb{}\u00a0\u00bb][et_pb_row admin_label=\u00a0\u00bbLigne\u00a0\u00bb _builder_version=\u00a0\u00bb4.17.4&Prime; _module_preset=\u00a0\u00bbdefault\u00a0\u00bb width_tablet=\u00a0\u00bb95%\u00a0\u00bb width_phone=\u00a0\u00bb95%\u00a0\u00bb width_last_edited=\u00a0\u00bbon|tablet\u00a0\u00bb max_width_tablet=\u00a0\u00bb100%\u00a0\u00bb max_width_phone=\u00a0\u00bb100%\u00a0\u00bb max_width_last_edited=\u00a0\u00bbon|tablet\u00a0\u00bb custom_margin=\u00a0\u00bb||||false|false\u00a0\u00bb custom_padding=\u00a0\u00bb102px||102px|0px|true|\u00a0\u00bb global_colors_info=\u00a0\u00bb{}\u00a0\u00bb][et_pb_column type=\u00a0\u00bb4_4&Prime; _builder_version=\u00a0\u00bb4.16&Prime; _module_preset=\u00a0\u00bbdefault\u00a0\u00bb global_colors_info=\u00a0\u00bb{}\u00a0\u00bb][et_pb_text _builder_version=\u00a0\u00bb4.17.4&Prime; _module_preset=\u00a0\u00bbdefault\u00a0\u00bb header_text_align=\u00a0\u00bbcenter\u00a0\u00bb header_2_font=\u00a0\u00bbFjalla One|||on|||||\u00a0\u00bb header_2_text_align=\u00a0\u00bbcenter\u00a0\u00bb header_2_text_color=\u00a0\u00bb#FFFFFF\u00a0\u00bb header_2_font_size=\u00a0\u00bb80px\u00a0\u00bb width=\u00a0\u00bb90%\u00a0\u00bb max_width=\u00a0\u00bb100%\u00a0\u00bb module_alignment=\u00a0\u00bbcenter\u00a0\u00bb header_2_font_size_tablet=\u00a0\u00bb80px\u00a0\u00bb header_2_font_size_phone=\u00a0\u00bb40px\u00a0\u00bb header_2_font_size_last_edited=\u00a0\u00bbon|phone\u00a0\u00bb global_colors_info=\u00a0\u00bb{}\u00a0\u00bb]<h2>Besoin d&rsquo;informations ?<\/h2>[\/et_pb_text][et_pb_text _builder_version=\u00a0\u00bb4.18.0&Prime; _module_preset=\u00a0\u00bbdefault\u00a0\u00bb text_text_color=\u00a0\u00bb#FFFFFF\u00a0\u00bb text_font_size=\u00a0\u00bb15px\u00a0\u00bb header_text_align=\u00a0\u00bbcenter\u00a0\u00bb header_2_font=\u00a0\u00bb||||||||\u00a0\u00bb header_2_text_align=\u00a0\u00bbcenter\u00a0\u00bb header_2_text_color=\u00a0\u00bb#FFFFFF\u00a0\u00bb header_2_font_size=\u00a0\u00bb19px\u00a0\u00bb header_3_font=\u00a0\u00bb||||||||\u00a0\u00bb header_3_text_align=\u00a0\u00bbcenter\u00a0\u00bb header_3_text_color=\u00a0\u00bb#FFFFFF\u00a0\u00bb width=\u00a0\u00bb100%\u00a0\u00bb max_width=\u00a0\u00bb90%\u00a0\u00bb module_alignment=\u00a0\u00bbcenter\u00a0\u00bb custom_padding=\u00a0\u00bb4px|||||\u00a0\u00bb global_colors_info=\u00a0\u00bb{}\u00a0\u00bb]<p>Vous souhaitez faire appel \u00e0 nous pour votre prochain \u00e9v\u00e8nement ou juste avoir plus d&rsquo;informations.<br \/>N&rsquo;h\u00e9sitez pas \u00e0 nous contacter !<br \/>Par t\u00e9l\u00e9phone : <a href=\"tel:0612340691\">06 12 34 06 91 <\/a><br \/>ou mail :<\/p>[\/et_pb_text][et_pb_contact_form email=\u00a0\u00bbcontact@rallumerlefeu.com\u00a0\u00bb custom_message=\u00a0\u00bbVous avez re\u00e7u un message via votre site internet :||et_pb_line_break_holder||||et_pb_line_break_holder||Nom : %%name%%||et_pb_line_break_holder||Type de demande : %%Demande%%||et_pb_line_break_holder||||et_pb_line_break_holder||Pour le : %%Date%%||et_pb_line_break_holder||A : %%Localisation%%||et_pb_line_break_holder||Avec un budget de : %%Budget%% ||et_pb_line_break_holder||Besoins de : %%Besoins%% ||et_pb_line_break_holder||||et_pb_line_break_holder||Voici son message : %%Message%%||et_pb_line_break_holder||||et_pb_line_break_holder||Recontactez la personne \u00e0 l&rsquo;adresse mail suivante : %%mail%%||et_pb_line_break_holder||Ou \u00e0 ce num\u00e9ro : %%phone%%||et_pb_line_break_holder||||et_pb_line_break_holder||||et_pb_line_break_holder||||et_pb_line_break_holder||\u00a0\u00bb success_message=\u00a0\u00bbVotre demande a bien \u00e9t\u00e9 transmise nous reviendrons vers vous tr\u00e8s vite \u00a0\u00bb submit_button_text=\u00a0\u00bbEnvoi\u00a0\u00bb _builder_version=\u00a0\u00bb4.17.4&Prime; _module_preset=\u00a0\u00bbdefault\u00a0\u00bb form_field_background_color=\u00a0\u00bb#474747&Prime; form_field_text_color=\u00a0\u00bb#FFFFFF\u00a0\u00bb form_field_focus_background_color=\u00a0\u00bb#ffffff\u00a0\u00bb form_field_focus_text_color=\u00a0\u00bb#1C1C1B\u00a0\u00bb form_field_custom_margin=\u00a0\u00bb||30px\u00a0\u00bb title_level=\u00a0\u00bbh2&Prime; title_font=\u00a0\u00bb||||||||\u00a0\u00bb title_text_align=\u00a0\u00bbleft\u00a0\u00bb title_text_color=\u00a0\u00bb#FFFFFF\u00a0\u00bb title_font_size=\u00a0\u00bb21px\u00a0\u00bb form_field_font=\u00a0\u00bb|600|||||||\u00a0\u00bb custom_button=\u00a0\u00bbon\u00a0\u00bb button_text_size=\u00a0\u00bb12px\u00a0\u00bb button_text_color=\u00a0\u00bb#ffffff\u00a0\u00bb button_bg_use_color_gradient=\u00a0\u00bbon\u00a0\u00bb button_bg_color_gradient_direction=\u00a0\u00bb90deg\u00a0\u00bb button_bg_color_gradient_stops=\u00a0\u00bb#f21c00 1%|#f19059 100%\u00a0\u00bb button_bg_color_gradient_start=\u00a0\u00bb#ffb397&Prime; button_bg_color_gradient_end=\u00a0\u00bb#f46aa0&Prime; button_border_width=\u00a0\u00bb0px\u00a0\u00bb button_border_color=\u00a0\u00bbrgba(0,0,0,0)\u00a0\u00bb button_border_radius=\u00a0\u00bb0px\u00a0\u00bb button_letter_spacing=\u00a0\u00bb4px\u00a0\u00bb button_font=\u00a0\u00bbLato|700||on|||||\u00a0\u00bb button_icon=\u00a0\u00bb&#x24;||divi||400&Prime; button_custom_padding=\u00a0\u00bb15px|30px|15px|30px|true|true\u00a0\u00bb width=\u00a0\u00bb100%\u00a0\u00bb max_width=\u00a0\u00bb90%\u00a0\u00bb module_alignment=\u00a0\u00bbcenter\u00a0\u00bb custom_padding=\u00a0\u00bb|||0px||\u00a0\u00bb box_shadow_style=\u00a0\u00bbpreset3&Prime; box_shadow_blur=\u00a0\u00bb55px\u00a0\u00bb box_shadow_color=\u00a0\u00bbrgba(0,0,0,0.26)\u00a0\u00bb global_colors_info=\u00a0\u00bb{}\u00a0\u00bb][et_pb_contact_field field_id=\u00a0\u00bbname\u00a0\u00bb field_title=\u00a0\u00bbNom*\u00a0\u00bb _builder_version=\u00a0\u00bb4.17.4&Prime; _module_preset=\u00a0\u00bbdefault\u00a0\u00bb global_colors_info=\u00a0\u00bb{}\u00a0\u00bb][\/et_pb_contact_field][et_pb_contact_field field_id=\u00a0\u00bbmail\u00a0\u00bb field_title=\u00a0\u00bbE-mail*\u00a0\u00bb field_type=\u00a0\u00bbemail\u00a0\u00bb _builder_version=\u00a0\u00bb4.17.4&Prime; _module_preset=\u00a0\u00bbdefault\u00a0\u00bb global_colors_info=\u00a0\u00bb{}\u00a0\u00bb][\/et_pb_contact_field][et_pb_contact_field field_id=\u00a0\u00bbphone\u00a0\u00bb field_title=\u00a0\u00bbNum\u00e9ro de t\u00e9l\u00e9phone\u00a0\u00bb max_length=\u00a0\u00bb10&Prime; fullwidth_field=\u00a0\u00bbon\u00a0\u00bb _builder_version=\u00a0\u00bb4.17.4&Prime; _module_preset=\u00a0\u00bbdefault\u00a0\u00bb global_colors_info=\u00a0\u00bb{}\u00a0\u00bb][\/et_pb_contact_field][et_pb_contact_field field_id=\u00a0\u00bbMessage\u00a0\u00bb field_title=\u00a0\u00bbMessage*\u00a0\u00bb field_type=\u00a0\u00bbtext\u00a0\u00bb fullwidth_field=\u00a0\u00bbon\u00a0\u00bb _builder_version=\u00a0\u00bb4.17.4&Prime; _module_preset=\u00a0\u00bbdefault\u00a0\u00bb global_colors_info=\u00a0\u00bb{}\u00a0\u00bb button_text_size__hover_enabled=\u00a0\u00bboff\u00a0\u00bb button_one_text_size__hover_enabled=\u00a0\u00bboff\u00a0\u00bb button_two_text_size__hover_enabled=\u00a0\u00bboff\u00a0\u00bb button_text_color__hover_enabled=\u00a0\u00bboff\u00a0\u00bb button_one_text_color__hover_enabled=\u00a0\u00bboff\u00a0\u00bb button_two_text_color__hover_enabled=\u00a0\u00bboff\u00a0\u00bb button_border_width__hover_enabled=\u00a0\u00bboff\u00a0\u00bb button_one_border_width__hover_enabled=\u00a0\u00bboff\u00a0\u00bb button_two_border_width__hover_enabled=\u00a0\u00bboff\u00a0\u00bb button_border_color__hover_enabled=\u00a0\u00bboff\u00a0\u00bb button_one_border_color__hover_enabled=\u00a0\u00bboff\u00a0\u00bb button_two_border_color__hover_enabled=\u00a0\u00bboff\u00a0\u00bb button_border_radius__hover_enabled=\u00a0\u00bboff\u00a0\u00bb button_one_border_radius__hover_enabled=\u00a0\u00bboff\u00a0\u00bb button_two_border_radius__hover_enabled=\u00a0\u00bboff\u00a0\u00bb button_letter_spacing__hover_enabled=\u00a0\u00bboff\u00a0\u00bb button_one_letter_spacing__hover_enabled=\u00a0\u00bboff\u00a0\u00bb button_two_letter_spacing__hover_enabled=\u00a0\u00bboff\u00a0\u00bb button_bg_color__hover_enabled=\u00a0\u00bboff\u00a0\u00bb button_one_bg_color__hover_enabled=\u00a0\u00bboff\u00a0\u00bb button_two_bg_color__hover_enabled=\u00a0\u00bboff\u00a0\u00bb][\/et_pb_contact_field][\/et_pb_contact_form][et_pb_social_media_follow follow_button=\u00a0\u00bbon\u00a0\u00bb icon_color=\u00a0\u00bb#FFFFFF\u00a0\u00bb use_icon_font_size=\u00a0\u00bbon\u00a0\u00bb icon_font_size=\u00a0\u00bb17px\u00a0\u00bb _builder_version=\u00a0\u00bb4.18.0&Prime; _module_preset=\u00a0\u00bbdefault\u00a0\u00bb custom_button=\u00a0\u00bbon\u00a0\u00bb button_text_color=\u00a0\u00bb#FFFFFF\u00a0\u00bb text_orientation=\u00a0\u00bbcenter\u00a0\u00bb global_colors_info=\u00a0\u00bb{}\u00a0\u00bb][et_pb_social_media_follow_network social_network=\u00a0\u00bbfacebook\u00a0\u00bb url=\u00a0\u00bbhttps:\/\/www.facebook.com\/christian.chris.526438\/\u00a0\u00bb _builder_version=\u00a0\u00bb4.18.0&Prime; _module_preset=\u00a0\u00bbdefault\u00a0\u00bb background_color=\u00a0\u00bb#3b5998&Prime; custom_button=\u00a0\u00bbon\u00a0\u00bb button_text_color=\u00a0\u00bb#FFFFFF\u00a0\u00bb global_colors_info=\u00a0\u00bb{}\u00a0\u00bb follow_button=\u00a0\u00bbon\u00a0\u00bb url_new_window=\u00a0\u00bbon\u00a0\u00bb]facebook[\/et_pb_social_media_follow_network][\/et_pb_social_media_follow][\/et_pb_column][\/et_pb_row][\/et_pb_section]\n","protected":false},"excerpt":{"rendered":"<p>contact Rallumer le feu &nbsp;Besoin d&rsquo;informations ?Vous souhaitez faire appel \u00e0 nous pour votre prochain \u00e9v\u00e8nement ou juste avoir plus d&rsquo;informations.N&rsquo;h\u00e9sitez pas \u00e0 nous contacter !Par t\u00e9l\u00e9phone : 06 12 34 06 91 ou mail :facebook<\/p>\n","protected":false},"author":3,"featured_media":0,"parent":0,"menu_order":0,"comment_status":"closed","ping_status":"closed","template":"","meta":{"_et_pb_use_builder":"on","_et_pb_old_content":"","_et_gb_content_width":"","footnotes":""},"class_list":["post-61","page","type-page","status-publish","hentry"],"yoast_head":"<!-- This site is optimized with the Yoast SEO plugin v19.12 - https:\/\/yoast.com\/wordpress\/plugins\/seo\/ -->\n<title>Contact - Rallumer le feu<\/title>\n<meta name=\"robots\" content=\"index, follow, max-snippet:-1, max-image-preview:large, max-video-preview:-1\" \/>\n<link rel=\"canonical\" href=\"https:\/\/rallumerlefeu.com\/?page_id=61\" \/>\n<meta property=\"og:locale\" content=\"fr_FR\" \/>\n<meta property=\"og:type\" content=\"article\" \/>\n<meta property=\"og:title\" content=\"Contact - Rallumer le feu\" \/>\n<meta property=\"og:description\" content=\"contact Rallumer le feu &nbsp;Besoin d&#039;informations ?Vous souhaitez faire appel \u00e0 nous pour votre prochain \u00e9v\u00e8nement ou juste avoir plus d&#039;informations.N&#039;h\u00e9sitez pas \u00e0 nous contacter !Par t\u00e9l\u00e9phone : 06 12 34 06 91 ou mail :facebook\" \/>\n<meta property=\"og:url\" content=\"https:\/\/rallumerlefeu.com\/?page_id=61\" \/>\n<meta property=\"og:site_name\" content=\"Rallumer le feu\" \/>\n<meta property=\"article:publisher\" content=\"https:\/\/www.facebook.com\/christian.chris.526438\" \/>\n<meta property=\"article:modified_time\" content=\"2022-10-13T15:47:24+00:00\" \/>\n<meta name=\"twitter:card\" content=\"summary_large_image\" \/>\n<script type=\"application\/ld+json\" class=\"yoast-schema-graph\">{\"@context\":\"https:\/\/schema.org\",\"@graph\":[{\"@type\":\"WebPage\",\"@id\":\"https:\/\/rallumerlefeu.com\/?page_id=61\",\"url\":\"https:\/\/rallumerlefeu.com\/?page_id=61\",\"name\":\"Contact - Rallumer le feu\",\"isPartOf\":{\"@id\":\"https:\/\/rallumerlefeu.com\/#website\"},\"datePublished\":\"2022-06-01T14:17:35+00:00\",\"dateModified\":\"2022-10-13T15:47:24+00:00\",\"breadcrumb\":{\"@id\":\"https:\/\/rallumerlefeu.com\/?page_id=61#breadcrumb\"},\"inLanguage\":\"fr-FR\",\"potentialAction\":[{\"@type\":\"ReadAction\",\"target\":[\"https:\/\/rallumerlefeu.com\/?page_id=61\"]}]},{\"@type\":\"BreadcrumbList\",\"@id\":\"https:\/\/rallumerlefeu.com\/?page_id=61#breadcrumb\",\"itemListElement\":[{\"@type\":\"ListItem\",\"position\":1,\"name\":\"Accueil\",\"item\":\"https:\/\/rallumerlefeu.com\/\"},{\"@type\":\"ListItem\",\"position\":2,\"name\":\"Contact\"}]},{\"@type\":\"WebSite\",\"@id\":\"https:\/\/rallumerlefeu.com\/#website\",\"url\":\"https:\/\/rallumerlefeu.com\/\",\"name\":\"Rallumer le feu\",\"description\":\"Un hommage hors norme \u00e0 un artiste hors norme !!!\",\"publisher\":{\"@id\":\"https:\/\/rallumerlefeu.com\/#organization\"},\"potentialAction\":[{\"@type\":\"SearchAction\",\"target\":{\"@type\":\"EntryPoint\",\"urlTemplate\":\"https:\/\/rallumerlefeu.com\/?s={search_term_string}\"},\"query-input\":\"required name=search_term_string\"}],\"inLanguage\":\"fr-FR\"},{\"@type\":\"Organization\",\"@id\":\"https:\/\/rallumerlefeu.com\/#organization\",\"name\":\"Rallumer le feu\",\"url\":\"https:\/\/rallumerlefeu.com\/\",\"logo\":{\"@type\":\"ImageObject\",\"inLanguage\":\"fr-FR\",\"@id\":\"https:\/\/rallumerlefeu.com\/#\/schema\/logo\/image\/\",\"url\":\"https:\/\/rallumerlefeu.com\/wp-content\/uploads\/2022\/06\/logo-transparent.png\",\"contentUrl\":\"https:\/\/rallumerlefeu.com\/wp-content\/uploads\/2022\/06\/logo-transparent.png\",\"width\":500,\"height\":198,\"caption\":\"Rallumer le feu\"},\"image\":{\"@id\":\"https:\/\/rallumerlefeu.com\/#\/schema\/logo\/image\/\"},\"sameAs\":[\"https:\/\/www.facebook.com\/christian.chris.526438\"]}]}<\/script>\n<!-- \/ Yoast SEO plugin. -->","yoast_head_json":{"title":"Contact - Rallumer le feu","robots":{"index":"index","follow":"follow","max-snippet":"max-snippet:-1","max-image-preview":"max-image-preview:large","max-video-preview":"max-video-preview:-1"},"canonical":"https:\/\/rallumerlefeu.com\/?page_id=61","og_locale":"fr_FR","og_type":"article","og_title":"Contact - Rallumer le feu","og_description":"contact Rallumer le feu &nbsp;Besoin d'informations ?Vous souhaitez faire appel \u00e0 nous pour votre prochain \u00e9v\u00e8nement ou juste avoir plus d'informations.N'h\u00e9sitez pas \u00e0 nous contacter !Par t\u00e9l\u00e9phone : 06 12 34 06 91 ou mail :facebook","og_url":"https:\/\/rallumerlefeu.com\/?page_id=61","og_site_name":"Rallumer le feu","article_publisher":"https:\/\/www.facebook.com\/christian.chris.526438","article_modified_time":"2022-10-13T15:47:24+00:00","twitter_card":"summary_large_image","schema":{"@context":"https:\/\/schema.org","@graph":[{"@type":"WebPage","@id":"https:\/\/rallumerlefeu.com\/?page_id=61","url":"https:\/\/rallumerlefeu.com\/?page_id=61","name":"Contact - Rallumer le feu","isPartOf":{"@id":"https:\/\/rallumerlefeu.com\/#website"},"datePublished":"2022-06-01T14:17:35+00:00","dateModified":"2022-10-13T15:47:24+00:00","breadcrumb":{"@id":"https:\/\/rallumerlefeu.com\/?page_id=61#breadcrumb"},"inLanguage":"fr-FR","potentialAction":[{"@type":"ReadAction","target":["https:\/\/rallumerlefeu.com\/?page_id=61"]}]},{"@type":"BreadcrumbList","@id":"https:\/\/rallumerlefeu.com\/?page_id=61#breadcrumb","itemListElement":[{"@type":"ListItem","position":1,"name":"Accueil","item":"https:\/\/rallumerlefeu.com\/"},{"@type":"ListItem","position":2,"name":"Contact"}]},{"@type":"WebSite","@id":"https:\/\/rallumerlefeu.com\/#website","url":"https:\/\/rallumerlefeu.com\/","name":"Rallumer le feu","description":"Un hommage hors norme \u00e0 un artiste hors norme !!!","publisher":{"@id":"https:\/\/rallumerlefeu.com\/#organization"},"potentialAction":[{"@type":"SearchAction","target":{"@type":"EntryPoint","urlTemplate":"https:\/\/rallumerlefeu.com\/?s={search_term_string}"},"query-input":"required name=search_term_string"}],"inLanguage":"fr-FR"},{"@type":"Organization","@id":"https:\/\/rallumerlefeu.com\/#organization","name":"Rallumer le feu","url":"https:\/\/rallumerlefeu.com\/","logo":{"@type":"ImageObject","inLanguage":"fr-FR","@id":"https:\/\/rallumerlefeu.com\/#\/schema\/logo\/image\/","url":"https:\/\/rallumerlefeu.com\/wp-content\/uploads\/2022\/06\/logo-transparent.png","contentUrl":"https:\/\/rallumerlefeu.com\/wp-content\/uploads\/2022\/06\/logo-transparent.png","width":500,"height":198,"caption":"Rallumer le feu"},"image":{"@id":"https:\/\/rallumerlefeu.com\/#\/schema\/logo\/image\/"},"sameAs":["https:\/\/www.facebook.com\/christian.chris.526438"]}]}},"_links":{"self":[{"href":"https:\/\/rallumerlefeu.com\/index.php?rest_route=\/wp\/v2\/pages\/61","targetHints":{"allow":["GET"]}}],"collection":[{"href":"https:\/\/rallumerlefeu.com\/index.php?rest_route=\/wp\/v2\/pages"}],"about":[{"href":"https:\/\/rallumerlefeu.com\/index.php?rest_route=\/wp\/v2\/types\/page"}],"author":[{"embeddable":true,"href":"https:\/\/rallumerlefeu.com\/index.php?rest_route=\/wp\/v2\/users\/3"}],"replies":[{"embeddable":true,"href":"https:\/\/rallumerlefeu.com\/index.php?rest_route=%2Fwp%2Fv2%2Fcomments&post=61"}],"version-history":[{"count":14,"href":"https:\/\/rallumerlefeu.com\/index.php?rest_route=\/wp\/v2\/pages\/61\/revisions"}],"predecessor-version":[{"id":1322,"href":"https:\/\/rallumerlefeu.com\/index.php?rest_route=\/wp\/v2\/pages\/61\/revisions\/1322"}],"wp:attachment":[{"href":"https:\/\/rallumerlefeu.com\/index.php?rest_route=%2Fwp%2Fv2%2Fmedia&parent=61"}],"curies":[{"name":"wp","href":"https:\/\/api.w.org\/{rel}","templated":true}]}}